{"id":233,"date":"2021-12-13T20:53:56","date_gmt":"2021-12-13T19:53:56","guid":{"rendered":"https:\/\/teamracing85.com\/?page_id=233"},"modified":"2021-12-13T21:04:05","modified_gmt":"2021-12-13T20:04:05","slug":"mentions-legales","status":"publish","type":"page","link":"https:\/\/teamracing85.com\/index.php\/mentions-legales\/","title":{"rendered":"Mentions l\u00e9gales"},"content":{"rendered":"\t\t<div data-elementor-type=\"wp-page\" data-elementor-id=\"233\" class=\"elementor elementor-233\" data-elementor-post-type=\"page\">\n\t\t\t\t\t\t<section class=\"elementor-section elementor-top-section elementor-element elementor-element-4d6af6a2 elementor-section-height-min-height elementor-section-boxed elementor-section-height-default elementor-section-items-middle\" data-id=\"4d6af6a2\" data-element_type=\"section\" data-e-type=\"section\" data-settings=\"{&quot;background_background&quot;:&quot;classic&quot;,&quot;shape_divider_bottom&quot;:&quot;tilt&quot;,&quot;background_motion_fx_motion_fx_scrolling&quot;:&quot;yes&quot;,&quot;background_motion_fx_scale_effect&quot;:&quot;yes&quot;,&quot;background_motion_fx_scale_direction&quot;:&quot;in-out&quot;,&quot;background_motion_fx_scale_speed&quot;:{&quot;unit&quot;:&quot;px&quot;,&quot;size&quot;:&quot;2&quot;,&quot;sizes&quot;:[]},&quot;background_motion_fx_scale_range&quot;:{&quot;unit&quot;:&quot;%&quot;,&quot;size&quot;:&quot;&quot;,&quot;sizes&quot;:{&quot;start&quot;:&quot;0&quot;,&quot;end&quot;:&quot;80&quot;}},&quot;background_motion_fx_devices&quot;:[&quot;desktop&quot;,&quot;tablet&quot;,&quot;mobile&quot;]}\">\n\t\t\t\t\t\t\t<div class=\"elementor-background-overlay\"><\/div>\n\t\t\t\t\t\t<div class=\"elementor-shape elementor-shape-bottom\" aria-hidden=\"true\" data-negative=\"false\">\n\t\t\t<svg xmlns=\"http:\/\/www.w3.org\/2000\/svg\" viewBox=\"0 0 1000 100\" preserveAspectRatio=\"none\">\n\t<path class=\"elementor-shape-fill\" d=\"M0,6V0h1000v100L0,6z\"\/>\n<\/svg>\t\t<\/div>\n\t\t\t\t\t<div class=\"elementor-container elementor-column-gap-default\">\n\t\t\t\t\t<div class=\"elementor-column elementor-col-100 elementor-top-column elementor-element elementor-element-5f9c5588\" data-id=\"5f9c5588\" data-element_type=\"column\" data-e-type=\"column\">\n\t\t\t<div class=\"elementor-widget-wrap elementor-element-populated\">\n\t\t\t\t\t\t<div class=\"elementor-element elementor-element-1dfc3c8e elementor-widget elementor-widget-heading\" data-id=\"1dfc3c8e\" data-element_type=\"widget\" data-e-type=\"widget\" data-widget_type=\"heading.default\">\n\t\t\t\t<div class=\"elementor-widget-container\">\n\t\t\t\t\t<h1 class=\"elementor-heading-title elementor-size-default\">Mentions l\u00e9gales<\/h1>\t\t\t\t<\/div>\n\t\t\t\t<\/div>\n\t\t\t\t\t<\/div>\n\t\t<\/div>\n\t\t\t\t\t<\/div>\n\t\t<\/section>\n\t\t\t\t<section class=\"elementor-section elementor-top-section elementor-element elementor-element-5073928c elementor-section-boxed elementor-section-height-default elementor-section-height-default\" data-id=\"5073928c\" data-element_type=\"section\" data-e-type=\"section\" data-settings=\"{&quot;background_background&quot;:&quot;classic&quot;}\">\n\t\t\t\t\t\t<div class=\"elementor-container elementor-column-gap-default\">\n\t\t\t\t\t<div class=\"elementor-column elementor-col-100 elementor-top-column elementor-element elementor-element-2a752504\" data-id=\"2a752504\" data-element_type=\"column\" data-e-type=\"column\">\n\t\t\t<div class=\"elementor-widget-wrap elementor-element-populated\">\n\t\t\t\t\t\t<div class=\"elementor-element elementor-element-14d345c9 elementor-widget elementor-widget-text-editor\" data-id=\"14d345c9\" data-element_type=\"widget\" data-e-type=\"widget\" data-widget_type=\"text-editor.default\">\n\t\t\t\t<div class=\"elementor-widget-container\">\n\t\t\t\t\t\t\t\t\t<p class=\"font_8\"><span class=\"color_11\">Ce\u00a0site internet est la propri\u00e9t\u00e9 intellectuelle de :<\/span><\/p><p class=\"font_8\"><span class=\"color_11\">Association Team Racing 85<\/span><\/p><p class=\"font_8\"><span class=\"color_11\">7 All\u00e9e Andr\u00e9 Marie Amp\u00e8re<\/span><\/p><p class=\"font_8\"><span class=\"color_11\">85200 FONTENAY LE COMTE<\/span><\/p><p class=\"font_8\"><span class=\"color_11\">Mail : contact@teamracing85.fr<\/span><\/p><p class=\"font_8\">\u00a0<\/p><p class=\"font_8\"><span class=\"color_11\">Directeur de la publication\u00a0:\u00a0St\u00e9phane GAUFRETEAU<\/span><\/p><p class=\"font_8\"><span class=\"color_11\">H\u00e9bergeur\u00a0: OVH<\/span><\/p><p class=\"font_8\"><span class=\"color_11\">Conception et r\u00e9alisation\u00a0:\u00a0Unit\u00e9 5 Production\u00a0<\/span><\/p><p class=\"font_8\"><span class=\"color_11\">Copyright\u00a0:<\/span><\/p><p class=\"font_8\"><span class=\"color_11\">L\u2019ensemble des donn\u00e9es (textes ou images) figurant sur les pages de ce site sont la propri\u00e9t\u00e9 exclusive de l&rsquo;association Team Racing 85. Toute reproduction, repr\u00e9sentation ou diffusion, en tout ou partie, du contenu de ce site sans l&rsquo;accord de son administrateur ni de son concepteur, \u00a0sur quelque support ou par tout proc\u00e9d\u00e9 que ce soit est interdite. Le non-respect de cette interdiction constitue une contrefa\u00e7on susceptible d\u2019engager la responsabilit\u00e9 civile et p\u00e9nale du contrefacteur.<\/span><\/p><p class=\"font_8\"><span class=\"color_11\">Loi Informatique et libert\u00e9s :<\/span><\/p><p class=\"font_8\"><span class=\"color_11\">En conformit\u00e9 avec les dispositions de la loi du 6 janvier 1978 relative \u00e0 l\u2019informatique, aux fichiers et aux libert\u00e9s. L\u2019utilisateur dispose d\u2019un droit d\u2019acc\u00e8s, de modification, de rectification et de suppression des donn\u00e9es qui le concernent (article 34 de la loi \u00ab\u00a0Informatique &amp; Libert\u00e9s\u00a0\u00bb). Pour l\u2019exercer, l\u2019utilisateur peut s\u2019adresser \u00e0 l&rsquo;association Team Racing 85.<\/span><\/p><p class=\"font_8\"><span class=\"color_11\">Les liens hypertextes mis en place dans le cadre du site Internet en direction d\u2019autres ressources pr\u00e9sentes sur le r\u00e9seau de l\u2019Internet, et notamment vers ses partenaires ont fait l\u2019objet d\u2019un \u00e9change et\/ou d\u2019un accord. Nous remercions les utilisateurs du site de nous faire part d\u2019\u00e9ventuelles omissions, erreurs, corrections, en nous adressant un <a>email<\/a>.<\/span><\/p>\t\t\t\t\t\t\t\t<\/div>\n\t\t\t\t<\/div>\n\t\t\t\t\t<\/div>\n\t\t<\/div>\n\t\t\t\t\t<\/div>\n\t\t<\/section>\n\t\t\t\t<\/div>\n\t\t","protected":false},"excerpt":{"rendered":"<p>Mentions l\u00e9gales Ce\u00a0site internet est la propri\u00e9t\u00e9 intellectuelle de : Association Team Racing 85 7 All\u00e9e Andr\u00e9 Marie Amp\u00e8re 85200 FONTENAY LE COMTE Mail : contact@teamracing85.fr \u00a0 Directeur de la publication\u00a0:\u00a0St\u00e9phane GAUFRETEAU H\u00e9bergeur\u00a0: OVH Conception et r\u00e9alisation\u00a0:\u00a0Unit\u00e9 5 Production\u00a0 Copyright\u00a0: L\u2019ensemble des donn\u00e9es (textes ou images) figurant sur les pages de ce site sont la [&hellip;]<\/p>\n","protected":false},"author":1,"featured_media":0,"parent":0,"menu_order":0,"comment_status":"closed","ping_status":"closed","template":"elementor_header_footer","meta":{"footnotes":""},"class_list":["post-233","page","type-page","status-publish","hentry"],"_links":{"self":[{"href":"https:\/\/teamracing85.com\/index.php\/wp-json\/wp\/v2\/pages\/233","targetHints":{"allow":["GET"]}}],"collection":[{"href":"https:\/\/teamracing85.com\/index.php\/wp-json\/wp\/v2\/pages"}],"about":[{"href":"https:\/\/teamracing85.com\/index.php\/wp-json\/wp\/v2\/types\/page"}],"author":[{"embeddable":true,"href":"https:\/\/teamracing85.com\/index.php\/wp-json\/wp\/v2\/users\/1"}],"replies":[{"embeddable":true,"href":"https:\/\/teamracing85.com\/index.php\/wp-json\/wp\/v2\/comments?post=233"}],"version-history":[{"count":4,"href":"https:\/\/teamracing85.com\/index.php\/wp-json\/wp\/v2\/pages\/233\/revisions"}],"predecessor-version":[{"id":240,"href":"https:\/\/teamracing85.com\/index.php\/wp-json\/wp\/v2\/pages\/233\/revisions\/240"}],"wp:attachment":[{"href":"https:\/\/teamracing85.com\/index.php\/wp-json\/wp\/v2\/media?parent=233"}],"curies":[{"name":"wp","href":"https:\/\/api.w.org\/{rel}","templated":true}]}}